{"id":7,"date":"2022-07-03T17:14:26","date_gmt":"2022-07-03T15:14:26","guid":{"rendered":"https:\/\/annasafiatoutoure.com\/?page_id=7"},"modified":"2026-03-16T12:28:18","modified_gmt":"2026-03-16T11:28:18","slug":"info","status":"publish","type":"page","link":"http:\/\/annasafiatoutoure.com\/fr\/info\/","title":{"rendered":"info"},"content":{"rendered":"\n<div class=\"wp-block-columns is-layout-flex wp-container-core-columns-is-layout-9d6595d7 wp-block-columns-is-layout-flex\">\n<div class=\"wp-block-column is-layout-flow wp-block-column-is-layout-flow\" style=\"flex-basis:80%\">\n<p class=\"has-text-align-left has-small-font-size\">Anna Safiatou Tour\u00e9 (1996) est une artiste pluridisciplinaire franco-malienne install\u00e9e \u00e0 Bruxelles. Son travail explore l\u2019espace qui unit ou s\u00e9pare les deux faces de tout r\u00e9cit migratoire. <\/p>\n\n\n\n<p class=\"has-text-align-left has-small-font-size\">Le chemin \u00e0 travers ce m\u00e9lange personnel, historique et culturel comble pour elle des espaces vides ou sans r\u00e9ponse. \u00c0 son \u00e9chelle, elle mat\u00e9rialise cette absence en cr\u00e9ant ses propres preuves pour faire entendre l\u2019histoire. Le monde ne pourrait-il pas \u00eatre racont\u00e9 \u00e0 l\u2019envers, comme un pochoir, du c\u00f4t\u00e9 du contour ?<\/p>\n\n\n\n<div style=\"height:326px\" aria-hidden=\"true\" class=\"wp-block-spacer\"><\/div>\n\n\n\n<figure class=\"wp-block-image size-large is-resized\"><img loading=\"lazy\" decoding=\"async\" width=\"786\" height=\"1024\" src=\"https:\/\/annasafiatoutoure.com\/wp-content\/uploads\/2025\/04\/Safi_9-786x1024.jpg\" alt=\"\" class=\"wp-image-971\" style=\"width:240px;height:auto\" srcset=\"https:\/\/annasafiatoutoure.com\/wp-content\/uploads\/2025\/04\/Safi_9-786x1024.jpg 786w, https:\/\/annasafiatoutoure.com\/wp-content\/uploads\/2025\/04\/Safi_9-230x300.jpg 230w, https:\/\/annasafiatoutoure.com\/wp-content\/uploads\/2025\/04\/Safi_9-768x1001.jpg 768w, https:\/\/annasafiatoutoure.com\/wp-content\/uploads\/2025\/04\/Safi_9-1179x1536.jpg 1179w, https:\/\/annasafiatoutoure.com\/wp-content\/uploads\/2025\/04\/Safi_9-1572x2048.jpg 1572w, https:\/\/annasafiatoutoure.com\/wp-content\/uploads\/2025\/04\/Safi_9-9x12.jpg 9w, https:\/\/annasafiatoutoure.com\/wp-content\/uploads\/2025\/04\/Safi_9-scaled.jpg 1965w\" sizes=\"auto, (max-width: 786px) 100vw, 786px\" \/><figcaption class=\"wp-element-caption\"><sup>@ Aliki Christoforou<\/sup><\/figcaption><\/figure>\n\n\n\n<p><strong><mark style=\"background-color:rgba(0, 0, 0, 0)\" class=\"has-inline-color has-black-color\"><sub><a href=\"mailto:annastoure@hotmail.fr\" target=\"_blank\" rel=\"noreferrer noopener\">annastoure@hotmail.fr<\/a><br><a href=\"https:\/\/www.instagram.com\/safiatou_anna_toure\/\" target=\"_blank\" rel=\"noreferrer noopener\">instagram<\/a><\/sub><\/mark><\/strong><\/p>\n<\/div>\n\n\n\n<div class=\"wp-block-column is-layout-flow wp-block-column-is-layout-flow\" style=\"flex-basis:2%\">\n<h3 class=\"wp-block-heading\"><\/h3>\n<\/div>\n\n\n\n<div class=\"wp-block-column is-vertically-aligned-top is-layout-flow wp-block-column-is-layout-flow\" style=\"flex-basis:120%\">\n<h3 class=\"wp-block-heading has-small-font-size\">EXPOSITIONS<\/h3>\n\n\n\n<p class=\"has-small-font-size\">2026 : <em>Come We Go<\/em>, Chapelle du Grand Hospice, exposition collective, Bruxelles, BE<br>2025 : <em>Adresse<\/em>, Ancienne Maison des Langues de la Province de Li\u00e8ge, exposition collective, Li\u00e8ge BE<br>2025 : <em>Horizons Partag\u00e9s<\/em>, L&rsquo;Atelier, exposition collective, Nantes FR<br>2025 : <em>Shapeshifters,<\/em> Framer Framed, exposition collective, Amsterdam NL<br>2025 : <em>Presence of the Past<\/em>, Maison de l&rsquo;Histoire Europ\u00e9enne, exposition collective, Bruxelles BE<br>2025 : <em>.TIFF 2025: Emerging Belgian Photography<\/em>, De Brakke Grond, exposition collective, Amsterdam NL<br>2025 : <em>Fissare l\u2019arcipelago<\/em>, Fondazione Sant\u2019Elia, exposition collective, Palerme IT<br>2025 : <em>Leaving Earth Festival,<\/em> La Cambre, exposition collective, Bruxelles BE<br>2025 : <em>___ CONJURATION_F\u00e9tiches &amp; Totems en Ali\u00e9noc\u00e8ne<\/em>, galerie Talmart, exposition collective, Paris FR<br>2025 : <em>Pour Gaza<\/em>, les Chiroux, expositon collective, Li\u00e8ge BE<br>2025 : <em>Foreword<\/em>, International Centre for the Image, exposition collective, Dublin IE<br>2025 : <em><em>Tipping Point<\/em><\/em>, Friche la Belle de Mai, exposition collective, Marseille FR<br>2025 : <em>.TIFF 2025: Emerging Belgian Photography<\/em>, FOMU, exposition collective, Anvers BE<br>2025 : <em>R\u00e9miniscences<\/em>, ISELP, exposition collective, Bruxelles BE<br>2025 : <em>l\u2019Immeuble aux Planteurs <\/em>pour RAVI, sortie de r\u00e9sidence, RAVI, Li\u00e8ge BE<br>2025 : <em>The Faces Collection <\/em>pour Art Au Centre #16, exposition collective, Li\u00e8ge BE<br>2024 : <em>Sortie publications n\u00b03 &amp; 4<\/em>, Fondation Carrefour des Arts, exposition en duo avec Paul G\u00e9rard, Bruxelles BE<br>2024 : <em>I frutti del gelso macchiano<\/em>, Villa Iblea, exposition collective, Raguse IT<sub><br><\/sub>2024 : <em>Happy Endings<\/em>, Fondation Carrefour des Arts, exposition collective, Bruxelles BE<br>2024 : <em>MUTANTX<\/em> &#8211; Biennale de l\u2019Image Possible &#8211; BIP, Li\u00e8ge BE<br>2024 : <em>D&rsquo;Ici et d&rsquo;ailleurs<\/em> &#8211; Parcours d&rsquo;Artistes de Saint-Gilles, Pianofabriek, exposition collective, Bruxelles BE<br>2023 : <em>Zones Grises<\/em>, Salon Mommen, exposition collective, Bruxelles BE<br>2023 : <em>Sen Music Store<\/em>, D\u00e9l\u00e9gation g\u00e9n\u00e9rale Wallonie-Bruxelles, restitution, Dakar SN<br>2023 : <em>Un point rouge dans la nuit<\/em>, Le Bel Ordinaire, exposition collective, Pau FR<br>2022 : <em>Festival Tashweech<\/em>, Beursschouwburg, \u00e9v\u00e8nement X\u00e9no-, Bruxelles BE<br>2022 : <em>F(r)ictions<\/em>, BPS 22, exposition collective, Charleroi BE<br>2022 : <em>Prix M\u00e9diatine 2022<\/em>, La M\u00e9diatine, exposition collective, Bruxelles BE<br>2021 : <em>Pouvoirs &amp; D\u00e9rives IV<\/em>, Caf\u00e9 Congo &#8211; Studio Citygate, X\u00e9no- \/ la Bellone, Bruxelles BE<br>2021 : <em>Doppelg\u00e4nger<\/em>, Kanal &#8211; Centre Pompidou, exposition collective, Bruxelles BE<br>2021 : <em>S\u2019exposer<\/em>, Hangar &#8211; Photo Art Center, exposition collective, Bruxelles BE<br>2021 : <em>Third Place or What ?<\/em>, Galerie Tick Tack, exposition collective, Anvers BE<br>2019 : <em>Ba Suba<\/em>, Open School Galerie, exposition collective, Nantes FR<\/p>\n\n\n\n<h3 class=\"wp-block-heading has-small-font-size\"><strong>R\u00c9SIDENCES<\/strong><\/h3>\n\n\n\n<p class=\"has-small-font-size\">2025 : RAVI, Li\u00e8ge BE<br>2024 : Fondazione Sant&rsquo;Elia, Palerme IT<br>2023\/2024 : Fondation Carrefour des Arts, Bruxelles BE<\/p>\n\n\n\n<h2 class=\"wp-block-heading has-small-font-size\">PUBLICATIONS<\/h2>\n\n\n\n<p class=\"has-small-font-size\">2026 : <em>Brussels Art Guide #06<\/em>, entretien r\u00e9alis\u00e9 par Sarah Schug BE<br>2025 : <em>Futures<\/em>, FUTURES Foundation NL<br>2025 : <em>Tipping Point<\/em>, entretien r\u00e9alis\u00e9 par Nancy Casielles BE<br>2025 : <em>.TIFF Magazine<\/em>, texte de Manon Klein, FOMU Fotomuseum BE<br>2024 : <em>Herbier du d\u00e9partement congolais des Serres royales de Laeken<\/em>, collection Non-Couch\u00e9 n\u00b03, \u00e9ditions CFC x ISELP BE<br>2022 : Article &#8211; <em>Eveil du printemps <\/em>de Hadrien Courcelles, l\u2019Art m\u00eame n\u00b087 BE <br>2020 : <em>Atomes<\/em>, Heliographie Magazine n\u00b03, Nantes, 14 novembre 2020 FR<\/p>\n\n\n\n<h3 class=\"wp-block-heading has-small-font-size\"><strong><mark style=\"background-color:rgba(0, 0, 0, 0)\" class=\"has-inline-color has-black-color\">PRIX &amp; FONDS <\/mark><\/strong><\/h3>\n\n\n\n<p class=\"has-small-font-size\" style=\"letter-spacing:px;text-transform:none\">2026 : Bourse SOFAM BE<br>2025 : Membre de la plateforme FUTURES Photography EU<br>2023\/2024 : Fonds Roger de Conynck BE<br>2022 : Prix Roger de Conynck BE<br>2022 : Prix M\u00e9diatine BE<\/p>\n\n\n\n<h2 class=\"wp-block-heading has-small-font-size\">FORMATIONS<\/h2>\n\n\n\n<p class=\"has-small-font-size\">2022 : Master, ENSAV La Cambre &#8211; section photographie, Bruxelles BE <br>2018 : DNA, \u00c9cole Nationale Sup\u00e9rieure des Beaux-Arts de Nantes FR<br>2015 : Classe pr\u00e9paratoire Les Arcades, Issy-les-Moulineaux FR<\/p>\n\n\n\n<h3 class=\"wp-block-heading has-small-font-size\">COLLABORATIONS<\/h3>\n\n\n\n<p class=\"has-small-font-size\">2023 : <em>Contreplong\u00e9es #2<\/em>, Salon Mommen, co-curation avec a02collective, Bruxelles BE <br>2023 : <em>Sen Music Store<\/em>, avec TTH Prod et Thomas Lhoest, r\u00e9sidences Cr\u00e9a.sen du p\u00f4le Eunic S\u00e9n\u00e9gal, Dakar SN<br>2022 : <em>Contreplong\u00e9es #1<\/em>, Salon Mommen, co-curation avec a02collective, Bruxelles BE<\/p>\n\n\n\n<h2 class=\"wp-block-heading has-small-font-size\"><\/h2>\n<\/div>\n<\/div>\n\n\n\n<div style=\"height:29px\" aria-hidden=\"true\" class=\"wp-block-spacer\"><\/div>\n\n\n\n<p class=\"has-small-font-size\">                                                                                                                site internet : <a href=\"https:\/\/www.theoboissonade.com\/\" target=\"_blank\" rel=\"noreferrer noopener\">www.climates.studio<\/a><\/p>\n","protected":false},"excerpt":{"rendered":"<p>Anna Safiatou Tour\u00e9 (1996) est une artiste pluridisciplinaire franco-malienne install\u00e9e \u00e0 Bruxelles. Son travail explore l\u2019espace qui unit ou s\u00e9pare les deux faces de tout r\u00e9cit migratoire. Le chemin \u00e0 travers ce m\u00e9lange personnel, historique et culturel comble pour elle des espaces vides ou sans r\u00e9ponse. \u00c0 son \u00e9chelle, elle mat\u00e9rialise cette absence en cr\u00e9ant [&hellip;]<\/p>\n","protected":false},"author":2,"featured_media":971,"parent":0,"menu_order":0,"comment_status":"closed","ping_status":"closed","template":"","meta":{"footnotes":""},"class_list":["post-7","page","type-page","status-publish","has-post-thumbnail","hentry"],"yoast_head":"<!-- This site is optimized with the Yoast SEO plugin v27.1.1 - https:\/\/yoast.com\/product\/yoast-seo-wordpress\/ -->\n<title>info - Anna Safiatou Tour\u00e9<\/title>\n<meta name=\"description\" content=\"Anna Safiatou Tour\u00e9 (1996) est une artiste pluridisciplinaire franco-malienne install\u00e9e \u00e0 Bruxelles. Son travail explore l\u2019espace qui unit ou s\u00e9pare les deux faces de tout r\u00e9cit migratoire.\" \/>\n<meta name=\"robots\" content=\"index, follow, max-snippet:-1, max-image-preview:large, max-video-preview:-1\" \/>\n<link rel=\"canonical\" href=\"https:\/\/annasafiatoutoure.com\/fr\/info\/\" \/>\n<meta property=\"og:locale\" content=\"fr_FR\" \/>\n<meta property=\"og:type\" content=\"article\" \/>\n<meta property=\"og:title\" content=\"info - Anna Safiatou Tour\u00e9\" \/>\n<meta property=\"og:description\" content=\"Anna Safiatou Tour\u00e9 (1996) est une artiste pluridisciplinaire franco-malienne install\u00e9e \u00e0 Bruxelles. Son travail explore l\u2019espace qui unit ou s\u00e9pare les deux faces de tout r\u00e9cit migratoire.\" \/>\n<meta property=\"og:url\" content=\"https:\/\/annasafiatoutoure.com\/fr\/info\/\" \/>\n<meta property=\"og:site_name\" content=\"Anna Safiatou Tour\u00e9\" \/>\n<meta property=\"article:publisher\" content=\"https:\/\/www.facebook.com\/anna.toure.505523\/\" \/>\n<meta property=\"article:modified_time\" content=\"2026-03-16T11:28:18+00:00\" \/>\n<meta property=\"og:image\" content=\"https:\/\/annasafiatoutoure.com\/wp-content\/uploads\/2025\/04\/Safi_9-scaled.jpg\" \/>\n\t<meta property=\"og:image:width\" content=\"1965\" \/>\n\t<meta property=\"og:image:height\" content=\"2560\" \/>\n\t<meta property=\"og:image:type\" content=\"image\/jpeg\" \/>\n<meta name=\"twitter:card\" content=\"summary_large_image\" \/>\n<meta name=\"twitter:label1\" content=\"Dur\u00e9e de lecture estim\u00e9e\" \/>\n\t<meta name=\"twitter:data1\" content=\"4 minutes\" \/>\n<script type=\"application\/ld+json\" class=\"yoast-schema-graph\">{\"@context\":\"https:\/\/schema.org\",\"@graph\":[{\"@type\":\"WebPage\",\"@id\":\"https:\/\/annasafiatoutoure.com\/info\/\",\"url\":\"https:\/\/annasafiatoutoure.com\/info\/\",\"name\":\"info - Anna Safiatou Tour\u00e9\",\"isPartOf\":{\"@id\":\"https:\/\/annasafiatoutoure.com\/#website\"},\"primaryImageOfPage\":{\"@id\":\"https:\/\/annasafiatoutoure.com\/info\/#primaryimage\"},\"image\":{\"@id\":\"https:\/\/annasafiatoutoure.com\/info\/#primaryimage\"},\"thumbnailUrl\":\"https:\/\/annasafiatoutoure.com\/wp-content\/uploads\/2025\/04\/Safi_9-scaled.jpg\",\"datePublished\":\"2022-07-03T15:14:26+00:00\",\"dateModified\":\"2026-03-16T11:28:18+00:00\",\"description\":\"Anna Safiatou Tour\u00e9 (1996) est une artiste pluridisciplinaire franco-malienne install\u00e9e \u00e0 Bruxelles. Son travail explore l\u2019espace qui unit ou s\u00e9pare les deux faces de tout r\u00e9cit migratoire.\",\"breadcrumb\":{\"@id\":\"https:\/\/annasafiatoutoure.com\/info\/#breadcrumb\"},\"inLanguage\":\"fr-FR\",\"potentialAction\":[{\"@type\":\"ReadAction\",\"target\":[\"https:\/\/annasafiatoutoure.com\/info\/\"]}]},{\"@type\":\"ImageObject\",\"inLanguage\":\"fr-FR\",\"@id\":\"https:\/\/annasafiatoutoure.com\/info\/#primaryimage\",\"url\":\"https:\/\/annasafiatoutoure.com\/wp-content\/uploads\/2025\/04\/Safi_9-scaled.jpg\",\"contentUrl\":\"https:\/\/annasafiatoutoure.com\/wp-content\/uploads\/2025\/04\/Safi_9-scaled.jpg\",\"width\":1965,\"height\":2560},{\"@type\":\"BreadcrumbList\",\"@id\":\"https:\/\/annasafiatoutoure.com\/info\/#breadcrumb\",\"itemListElement\":[{\"@type\":\"ListItem\",\"position\":1,\"name\":\"Accueil\",\"item\":\"https:\/\/annasafiatoutoure.com\/\"},{\"@type\":\"ListItem\",\"position\":2,\"name\":\"info\"}]},{\"@type\":\"WebSite\",\"@id\":\"https:\/\/annasafiatoutoure.com\/#website\",\"url\":\"https:\/\/annasafiatoutoure.com\/\",\"name\":\"Anna Safiatou Tour\u00e9\",\"description\":\"Anna Safiatou Tour\u00e9 (1996) est une artiste pluridisciplinaire franco-malienne install\u00e9e \u00e0 Bruxelles.\",\"publisher\":{\"@id\":\"https:\/\/annasafiatoutoure.com\/#\/schema\/person\/4cd416b0df5d7a1162361a9252576bc9\"},\"potentialAction\":[{\"@type\":\"SearchAction\",\"target\":{\"@type\":\"EntryPoint\",\"urlTemplate\":\"https:\/\/annasafiatoutoure.com\/?s={search_term_string}\"},\"query-input\":{\"@type\":\"PropertyValueSpecification\",\"valueRequired\":true,\"valueName\":\"search_term_string\"}}],\"inLanguage\":\"fr-FR\"},{\"@type\":[\"Person\",\"Organization\"],\"@id\":\"https:\/\/annasafiatoutoure.com\/#\/schema\/person\/4cd416b0df5d7a1162361a9252576bc9\",\"name\":\"Anna Safiatou Tour\u00e9\",\"image\":{\"@type\":\"ImageObject\",\"inLanguage\":\"fr-FR\",\"@id\":\"https:\/\/annasafiatoutoure.com\/#\/schema\/person\/image\/\",\"url\":\"https:\/\/annasafiatoutoure.com\/wp-content\/uploads\/2025\/04\/cropped-ICONE-PORTAIL-e1745240783873.png\",\"contentUrl\":\"https:\/\/annasafiatoutoure.com\/wp-content\/uploads\/2025\/04\/cropped-ICONE-PORTAIL-e1745240783873.png\",\"width\":512,\"height\":512,\"caption\":\"Anna Safiatou Tour\u00e9\"},\"logo\":{\"@id\":\"https:\/\/annasafiatoutoure.com\/#\/schema\/person\/image\/\"},\"description\":\"Anna Safiatou Tour\u00e9 (1996) est une artiste pluridisciplinaire franco-malienne install\u00e9e \u00e0 Bruxelles. Son travail explore l\u2019espace qui unit ou s\u00e9pare les deux faces de tout r\u00e9cit migratoire.\",\"sameAs\":[\"https:\/\/annasafiatoutoure.com\/fr\/\",\"https:\/\/www.facebook.com\/anna.toure.505523\/\",\"https:\/\/www.instagram.com\/safiatou_anna_toure\/\"]}]}<\/script>\n<!-- \/ Yoast SEO plugin. -->","yoast_head_json":{"title":"info - Anna Safiatou Tour\u00e9","description":"Anna Safiatou Tour\u00e9 (1996) est une artiste pluridisciplinaire franco-malienne install\u00e9e \u00e0 Bruxelles. Son travail explore l\u2019espace qui unit ou s\u00e9pare les deux faces de tout r\u00e9cit migratoire.","robots":{"index":"index","follow":"follow","max-snippet":"max-snippet:-1","max-image-preview":"max-image-preview:large","max-video-preview":"max-video-preview:-1"},"canonical":"https:\/\/annasafiatoutoure.com\/fr\/info\/","og_locale":"fr_FR","og_type":"article","og_title":"info - Anna Safiatou Tour\u00e9","og_description":"Anna Safiatou Tour\u00e9 (1996) est une artiste pluridisciplinaire franco-malienne install\u00e9e \u00e0 Bruxelles. Son travail explore l\u2019espace qui unit ou s\u00e9pare les deux faces de tout r\u00e9cit migratoire.","og_url":"https:\/\/annasafiatoutoure.com\/fr\/info\/","og_site_name":"Anna Safiatou Tour\u00e9","article_publisher":"https:\/\/www.facebook.com\/anna.toure.505523\/","article_modified_time":"2026-03-16T11:28:18+00:00","og_image":[{"width":1965,"height":2560,"url":"https:\/\/annasafiatoutoure.com\/wp-content\/uploads\/2025\/04\/Safi_9-scaled.jpg","type":"image\/jpeg"}],"twitter_card":"summary_large_image","twitter_misc":{"Dur\u00e9e de lecture estim\u00e9e":"4 minutes"},"schema":{"@context":"https:\/\/schema.org","@graph":[{"@type":"WebPage","@id":"https:\/\/annasafiatoutoure.com\/info\/","url":"https:\/\/annasafiatoutoure.com\/info\/","name":"info - Anna Safiatou Tour\u00e9","isPartOf":{"@id":"https:\/\/annasafiatoutoure.com\/#website"},"primaryImageOfPage":{"@id":"https:\/\/annasafiatoutoure.com\/info\/#primaryimage"},"image":{"@id":"https:\/\/annasafiatoutoure.com\/info\/#primaryimage"},"thumbnailUrl":"https:\/\/annasafiatoutoure.com\/wp-content\/uploads\/2025\/04\/Safi_9-scaled.jpg","datePublished":"2022-07-03T15:14:26+00:00","dateModified":"2026-03-16T11:28:18+00:00","description":"Anna Safiatou Tour\u00e9 (1996) est une artiste pluridisciplinaire franco-malienne install\u00e9e \u00e0 Bruxelles. Son travail explore l\u2019espace qui unit ou s\u00e9pare les deux faces de tout r\u00e9cit migratoire.","breadcrumb":{"@id":"https:\/\/annasafiatoutoure.com\/info\/#breadcrumb"},"inLanguage":"fr-FR","potentialAction":[{"@type":"ReadAction","target":["https:\/\/annasafiatoutoure.com\/info\/"]}]},{"@type":"ImageObject","inLanguage":"fr-FR","@id":"https:\/\/annasafiatoutoure.com\/info\/#primaryimage","url":"https:\/\/annasafiatoutoure.com\/wp-content\/uploads\/2025\/04\/Safi_9-scaled.jpg","contentUrl":"https:\/\/annasafiatoutoure.com\/wp-content\/uploads\/2025\/04\/Safi_9-scaled.jpg","width":1965,"height":2560},{"@type":"BreadcrumbList","@id":"https:\/\/annasafiatoutoure.com\/info\/#breadcrumb","itemListElement":[{"@type":"ListItem","position":1,"name":"Accueil","item":"https:\/\/annasafiatoutoure.com\/"},{"@type":"ListItem","position":2,"name":"info"}]},{"@type":"WebSite","@id":"https:\/\/annasafiatoutoure.com\/#website","url":"https:\/\/annasafiatoutoure.com\/","name":"Anna Safiatou Tour\u00e9","description":"Anna Safiatou Tour\u00e9 (1996) est une artiste pluridisciplinaire franco-malienne install\u00e9e \u00e0 Bruxelles.","publisher":{"@id":"https:\/\/annasafiatoutoure.com\/#\/schema\/person\/4cd416b0df5d7a1162361a9252576bc9"},"potentialAction":[{"@type":"SearchAction","target":{"@type":"EntryPoint","urlTemplate":"https:\/\/annasafiatoutoure.com\/?s={search_term_string}"},"query-input":{"@type":"PropertyValueSpecification","valueRequired":true,"valueName":"search_term_string"}}],"inLanguage":"fr-FR"},{"@type":["Person","Organization"],"@id":"https:\/\/annasafiatoutoure.com\/#\/schema\/person\/4cd416b0df5d7a1162361a9252576bc9","name":"Anna Safiatou Tour\u00e9","image":{"@type":"ImageObject","inLanguage":"fr-FR","@id":"https:\/\/annasafiatoutoure.com\/#\/schema\/person\/image\/","url":"https:\/\/annasafiatoutoure.com\/wp-content\/uploads\/2025\/04\/cropped-ICONE-PORTAIL-e1745240783873.png","contentUrl":"https:\/\/annasafiatoutoure.com\/wp-content\/uploads\/2025\/04\/cropped-ICONE-PORTAIL-e1745240783873.png","width":512,"height":512,"caption":"Anna Safiatou Tour\u00e9"},"logo":{"@id":"https:\/\/annasafiatoutoure.com\/#\/schema\/person\/image\/"},"description":"Anna Safiatou Tour\u00e9 (1996) est une artiste pluridisciplinaire franco-malienne install\u00e9e \u00e0 Bruxelles. Son travail explore l\u2019espace qui unit ou s\u00e9pare les deux faces de tout r\u00e9cit migratoire.","sameAs":["https:\/\/annasafiatoutoure.com\/fr\/","https:\/\/www.facebook.com\/anna.toure.505523\/","https:\/\/www.instagram.com\/safiatou_anna_toure\/"]}]}},"_links":{"self":[{"href":"http:\/\/annasafiatoutoure.com\/fr\/wp-json\/wp\/v2\/pages\/7","targetHints":{"allow":["GET"]}}],"collection":[{"href":"http:\/\/annasafiatoutoure.com\/fr\/wp-json\/wp\/v2\/pages"}],"about":[{"href":"http:\/\/annasafiatoutoure.com\/fr\/wp-json\/wp\/v2\/types\/page"}],"author":[{"embeddable":true,"href":"http:\/\/annasafiatoutoure.com\/fr\/wp-json\/wp\/v2\/users\/2"}],"replies":[{"embeddable":true,"href":"http:\/\/annasafiatoutoure.com\/fr\/wp-json\/wp\/v2\/comments?post=7"}],"version-history":[{"count":314,"href":"http:\/\/annasafiatoutoure.com\/fr\/wp-json\/wp\/v2\/pages\/7\/revisions"}],"predecessor-version":[{"id":1176,"href":"http:\/\/annasafiatoutoure.com\/fr\/wp-json\/wp\/v2\/pages\/7\/revisions\/1176"}],"wp:featuredmedia":[{"embeddable":true,"href":"http:\/\/annasafiatoutoure.com\/fr\/wp-json\/wp\/v2\/media\/971"}],"wp:attachment":[{"href":"http:\/\/annasafiatoutoure.com\/fr\/wp-json\/wp\/v2\/media?parent=7"}],"curies":[{"name":"wp","href":"https:\/\/api.w.org\/{rel}","templated":true}]}}